{"id":249,"date":"2020-11-27T00:48:32","date_gmt":"2020-11-27T00:48:32","guid":{"rendered":"http:\/\/www.aatmakina.com\/cozumler\/yapistirma\/"},"modified":"2020-12-15T00:00:08","modified_gmt":"2020-12-15T00:00:08","slug":"yapistirma","status":"publish","type":"page","link":"https:\/\/www.aatmakina.com\/?page_id=249","title":{"rendered":"Yap\u0131\u015ft\u0131rma"},"content":{"rendered":"\n<!-- Page-list plugin v.5.7 wordpress.org\/plugins\/page-list\/ -->\n<ul class=\"page-list subpages-page-list \">\n<li class=\"page_item page-item-255\"><a href=\"https:\/\/www.aatmakina.com\/?page_id=255\">Nonwoven Sistemleri<\/a><\/li>\n<li class=\"page_item page-item-256\"><a href=\"https:\/\/www.aatmakina.com\/?page_id=256\">Paketleme Sistemleri<\/a><\/li>\n<li class=\"page_item page-item-257\"><a href=\"https:\/\/www.aatmakina.com\/?page_id=257\">\u00dcr\u00fcn Birle\u015ftirme S\u0130stemleri<\/a><\/li>\n<li class=\"page_item page-item-258\"><a href=\"https:\/\/www.aatmakina.com\/?page_id=258\">Ka\u011f\u0131t ve Karton \u0130\u015fleme S\u0130stemleri<\/a><\/li>\n<li class=\"page_item page-item-259\"><a href=\"https:\/\/www.aatmakina.com\/?page_id=259\">Web Kaplama Sistemleri<\/a><\/li>\n\n<\/ul>\n","protected":false},"excerpt":{"rendered":"","protected":false},"author":2,"featured_media":0,"parent":65,"menu_order":0,"comment_status":"closed","ping_status":"closed","template":"","meta":{"footnotes":""},"class_list":["post-249","page","type-page","status-publish","hentry"],"_links":{"self":[{"href":"https:\/\/www.aatmakina.com\/index.php?rest_route=\/wp\/v2\/pages\/249","targetHints":{"allow":["GET"]}}],"collection":[{"href":"https:\/\/www.aatmakina.com\/index.php?rest_route=\/wp\/v2\/pages"}],"about":[{"href":"https:\/\/www.aatmakina.com\/index.php?rest_route=\/wp\/v2\/types\/page"}],"author":[{"embeddable":true,"href":"https:\/\/www.aatmakina.com\/index.php?rest_route=\/wp\/v2\/users\/2"}],"replies":[{"embeddable":true,"href":"https:\/\/www.aatmakina.com\/index.php?rest_route=%2Fwp%2Fv2%2Fcomments&post=249"}],"version-history":[{"count":1,"href":"https:\/\/www.aatmakina.com\/index.php?rest_route=\/wp\/v2\/pages\/249\/revisions"}],"predecessor-version":[{"id":458,"href":"https:\/\/www.aatmakina.com\/index.php?rest_route=\/wp\/v2\/pages\/249\/revisions\/458"}],"up":[{"embeddable":true,"href":"https:\/\/www.aatmakina.com\/index.php?rest_route=\/wp\/v2\/pages\/65"}],"wp:attachment":[{"href":"https:\/\/www.aatmakina.com\/index.php?rest_route=%2Fwp%2Fv2%2Fmedia&parent=249"}],"curies":[{"name":"wp","href":"https:\/\/api.w.org\/{rel}","templated":true}]}}