{"id":190,"date":"2020-11-27T00:36:43","date_gmt":"2020-11-27T00:36:43","guid":{"rendered":"http:\/\/www.aatmakina.com\/uygulamalar\/kapi-imalati\/"},"modified":"2020-11-27T00:40:23","modified_gmt":"2020-11-27T00:40:23","slug":"kapi-imalati","status":"publish","type":"page","link":"https:\/\/www.aatmakina.com\/?page_id=190","title":{"rendered":"Kap\u0131 imalat\u0131"},"content":{"rendered":"\n<div class=\"wp-block-image\"><figure class=\"alignright\"><img decoding=\"async\" src=\"https:\/\/www.aatmakina.com\/images\/pictures\/c515-multi.jpg\" alt=\"\"\/><\/figure><\/div>\n\n\n\n<p>Nordson da\u011f\u0131t\u0131m sistemleri; ev, ticari, giri\u015f veya garaj tipi kap\u0131lar\u0131n kalitesini artt\u0131r\u0131r. Nordson sistemler s\u0131cak tutkal\u0131 ve kapat\u0131c\u0131lar\u0131 contalama ve yap\u0131\u015ft\u0131rma ama\u00e7lar\u0131 i\u00e7in uygular, ek olarak kenar yap\u0131\u015ft\u0131rma uygulamalar\u0131 i\u00e7in de reaktif s\u0131cak tutkal kullan\u0131r.<\/p>\n\n\n\n<ul class=\"wp-block-list\"><li>BM serisi, durapail eritici variller, MC serisi tanklar, EB60V kenar yap\u0131\u015ft\u0131rma s\u00fcrme tabancalar\u0131 ve Auto-FloTM mod\u00fcll\u00fc tabancalar gibi&nbsp; ihtiyaca g\u00f6re spesifik se\u00e7enekleri vard\u0131r.<\/li><li>K\u00f6p\u00fcklendirilmi\u015f termoplastik malzemeyi uygulayan FaomMelt, FoamMix da\u011f\u0131t\u0131m sistemleri ve AG-900 mod\u00fcler tabancalar; contalama ve kapama uygulamalar\u0131nda kapsam ve do\u011fruluk oranlar\u0131n\u0131 artt\u0131r\u0131r.<\/li><li>Y\u00fcksek performans sistemler ile verimlili\u011fi artt\u0131r\u0131r, i\u015f\u00e7ilik \u00fccretleri ve maliyetleri azalt\u0131r.<\/li><li>Do\u011fru ve yinelenebilir tutkal da\u011f\u0131t\u0131m\u0131 ile \u00fcr\u00fcn kalitesini geli\u015ftirir<\/li><\/ul>\n\n\n\n<p><\/p>\n","protected":false},"excerpt":{"rendered":"<p>Nordson da\u011f\u0131t\u0131m sistemleri; ev, ticari, giri\u015f veya garaj tipi kap\u0131lar\u0131n kalitesini artt\u0131r\u0131r. Nordson sistemler s\u0131cak tutkal\u0131 ve kapat\u0131c\u0131lar\u0131 contalama ve yap\u0131\u015ft\u0131rma ama\u00e7lar\u0131 i\u00e7in uygular, ek olarak kenar yap\u0131\u015ft\u0131rma uygulamalar\u0131 i\u00e7in de reaktif s\u0131cak tutkal kullan\u0131r. BM serisi, durapail eritici variller, MC serisi tanklar, EB60V kenar yap\u0131\u015ft\u0131rma s\u00fcrme tabancalar\u0131 ve Auto-FloTM &hellip;<\/p>\n","protected":false},"author":2,"featured_media":0,"parent":189,"menu_order":1,"comment_status":"closed","ping_status":"closed","template":"","meta":{"footnotes":""},"class_list":["post-190","page","type-page","status-publish","hentry"],"_links":{"self":[{"href":"https:\/\/www.aatmakina.com\/index.php?rest_route=\/wp\/v2\/pages\/190","targetHints":{"allow":["GET"]}}],"collection":[{"href":"https:\/\/www.aatmakina.com\/index.php?rest_route=\/wp\/v2\/pages"}],"about":[{"href":"https:\/\/www.aatmakina.com\/index.php?rest_route=\/wp\/v2\/types\/page"}],"author":[{"embeddable":true,"href":"https:\/\/www.aatmakina.com\/index.php?rest_route=\/wp\/v2\/users\/2"}],"replies":[{"embeddable":true,"href":"https:\/\/www.aatmakina.com\/index.php?rest_route=%2Fwp%2Fv2%2Fcomments&post=190"}],"version-history":[{"count":1,"href":"https:\/\/www.aatmakina.com\/index.php?rest_route=\/wp\/v2\/pages\/190\/revisions"}],"predecessor-version":[{"id":233,"href":"https:\/\/www.aatmakina.com\/index.php?rest_route=\/wp\/v2\/pages\/190\/revisions\/233"}],"up":[{"embeddable":true,"href":"https:\/\/www.aatmakina.com\/index.php?rest_route=\/wp\/v2\/pages\/189"}],"wp:attachment":[{"href":"https:\/\/www.aatmakina.com\/index.php?rest_route=%2Fwp%2Fv2%2Fmedia&parent=190"}],"curies":[{"name":"wp","href":"https:\/\/api.w.org\/{rel}","templated":true}]}}