{"id":291,"date":"2020-11-27T01:02:48","date_gmt":"2020-11-27T01:02:48","guid":{"rendered":"http:\/\/www.aatmakina.com\/uygulamalar\/otomotiv\/ic-trim-baglama\/"},"modified":"2020-11-27T01:06:06","modified_gmt":"2020-11-27T01:06:06","slug":"ic-trim-baglama","status":"publish","type":"page","link":"https:\/\/www.aatmakina.com\/?page_id=291","title":{"rendered":"\u0130\u00e7 trim ba\u011flama"},"content":{"rendered":"\n<div class=\"wp-block-image\"><figure class=\"alignright\"><img decoding=\"async\" src=\"https:\/\/www.aatmakina.com\/images\/pictures\/c536-multi.jpg\" alt=\"\"\/><\/figure><\/div>\n\n\n\n<p>Nordson S\u0131cak tutkallama sistemleri; otomotiv imalat\u00e7\u0131lar\u0131na ped ve hal\u0131 kaplama uygulamalar\u0131 i\u00e7in \u00fcretim i\u015flemlerinin geli\u015ftirlmesinde yard\u0131mc\u0131 olur. <\/p>\n\n\n\n<ul class=\"wp-block-list\"><li>FoamMelt ve SurreFam da\u011f\u0131t\u0131m sistemleri ile tutunma performans\u0131n\u0131 artt\u0131r\u0131rken, tutkal t\u00fcketimini %65&#8217;e kadar d\u00fc\u015f\u00fcr\u00fcr. <\/li><li>Blue serisi eriticiler kullanarak\u00a0 yinelenebilir tutkal da\u011f\u0131t\u0131m\u0131 ile \u00fcr\u00fcn kalitesini artt\u0131r\u0131r. <\/li><li>Ergonomik AD serisi ve FP-200 el tabancalar\u0131 ile kullan\u0131m kolayl\u0131\u011f\u0131 ve operat\u00f6r rahat kullan\u0131m\u0131n\u0131 sa\u011flar. <\/li><li>G\u00fcvenilir y\u00fcksek performans sistemler ile i\u015f\u00e7ilik \u00fccretleri ve maliyetleri azalt\u0131r.<\/li><\/ul>\n\n\n\n<p><\/p>\n","protected":false},"excerpt":{"rendered":"<p>Nordson S\u0131cak tutkallama sistemleri; otomotiv imalat\u00e7\u0131lar\u0131na ped ve hal\u0131 kaplama uygulamalar\u0131 i\u00e7in \u00fcretim i\u015flemlerinin geli\u015ftirlmesinde yard\u0131mc\u0131 olur. FoamMelt ve SurreFam da\u011f\u0131t\u0131m sistemleri ile tutunma performans\u0131n\u0131 artt\u0131r\u0131rken, tutkal t\u00fcketimini %65&#8217;e kadar d\u00fc\u015f\u00fcr\u00fcr. Blue serisi eriticiler kullanarak\u00a0 yinelenebilir tutkal da\u011f\u0131t\u0131m\u0131 ile \u00fcr\u00fcn kalitesini artt\u0131r\u0131r. Ergonomik AD serisi ve FP-200 el tabancalar\u0131 ile &hellip;<\/p>\n","protected":false},"author":2,"featured_media":0,"parent":187,"menu_order":5,"comment_status":"closed","ping_status":"closed","template":"","meta":{"footnotes":""},"class_list":["post-291","page","type-page","status-publish","hentry"],"_links":{"self":[{"href":"https:\/\/www.aatmakina.com\/index.php?rest_route=\/wp\/v2\/pages\/291","targetHints":{"allow":["GET"]}}],"collection":[{"href":"https:\/\/www.aatmakina.com\/index.php?rest_route=\/wp\/v2\/pages"}],"about":[{"href":"https:\/\/www.aatmakina.com\/index.php?rest_route=\/wp\/v2\/types\/page"}],"author":[{"embeddable":true,"href":"https:\/\/www.aatmakina.com\/index.php?rest_route=\/wp\/v2\/users\/2"}],"replies":[{"embeddable":true,"href":"https:\/\/www.aatmakina.com\/index.php?rest_route=%2Fwp%2Fv2%2Fcomments&post=291"}],"version-history":[{"count":1,"href":"https:\/\/www.aatmakina.com\/index.php?rest_route=\/wp\/v2\/pages\/291\/revisions"}],"predecessor-version":[{"id":316,"href":"https:\/\/www.aatmakina.com\/index.php?rest_route=\/wp\/v2\/pages\/291\/revisions\/316"}],"up":[{"embeddable":true,"href":"https:\/\/www.aatmakina.com\/index.php?rest_route=\/wp\/v2\/pages\/187"}],"wp:attachment":[{"href":"https:\/\/www.aatmakina.com\/index.php?rest_route=%2Fwp%2Fv2%2Fmedia&parent=291"}],"curies":[{"name":"wp","href":"https:\/\/api.w.org\/{rel}","templated":true}]}}