{"id":296,"date":"2020-11-27T01:02:48","date_gmt":"2020-11-27T01:02:48","guid":{"rendered":"http:\/\/www.aatmakina.com\/uygulamalar\/otomotiv\/degistirilebilir-kece-sistemleri\/"},"modified":"2020-11-27T01:08:39","modified_gmt":"2020-11-27T01:08:39","slug":"degistirilebilir-kece-sistemleri","status":"publish","type":"page","link":"https:\/\/www.aatmakina.com\/?page_id=296","title":{"rendered":"De\u011fi\u015ftirilebilir ke\u00e7e sistemleri"},"content":{"rendered":"\n<div class=\"wp-block-image\"><figure class=\"alignright\"><img decoding=\"async\" src=\"https:\/\/www.aatmakina.com\/images\/pictures\/c541-multi.jpg\" alt=\"\"\/><\/figure><\/div>\n\n\n\n<p>Nordson s\u0131cak tutkal sistemleri, whether stripping uygulamalar\u0131nda imalat maliyetlerini d\u00fc\u015f\u00fcr\u00fcr ve \u00fcr\u00fcn kalitesini artt\u0131r\u0131r. <\/p>\n\n\n\n<p><strong>Bi\u00e7imlenebilen Dolgu<\/strong>\u00a0<\/p>\n\n\n\n<p>i\u00e7i bo\u015f t\u00fcp veya k\u00f6p\u00fck kablo yerine s\u0131cak tutkal kullan\u0131m\u0131 bulbun daha verimli ve tutarl\u0131 doldurulmas\u0131n\u0131 sa\u011flar. Geleneksel aparatlar tak\u0131larak yap\u0131lan zaman kayb\u0131na sebep olan manuel i\u015flemler yerine Nordson sistemleri kullan\u0131l\u0131r. Otomatize tutkal enjeksiyonu tutarl\u0131 ve do\u011fru plug yerle\u015ftirilmesini sa\u011flar ve \u00e7oklu plug boylar\u0131na ihtiyac\u0131 ortadan kald\u0131r\u0131r. <\/p>\n\n\n\n<p><strong>Kanal doldurma<\/strong>\u00a0<\/p>\n\n\n\n<p>Nordson da\u011f\u0131t\u0131m sistemleri ile kesin ve tutarl\u0131 kanal doldurma m\u00fcmk\u00fcnd\u00fcr.<br>Hat h\u0131z\u0131n\u0131 \u00f6l\u00e7\u00fcm kontrol\u00fc yetene\u011fi ile do\u011fru nokta \u00f6l\u00e7\u00fcleri ve programa m\u00fcdahale edilebilmesine olanak sa\u011flar. Soygaz ve tutkal\u0131n kar\u0131\u015fmas\u0131n\u0131 sa\u011flayan Nordson k\u00f6p\u00fckleme prosesi whether strip performans\u0131n\u0131 artt\u0131r\u0131rken malzeme maliyetlerini azalt\u0131r. <\/p>\n\n\n\n<p><strong>Biraraya toplama<\/strong>\u00a0<\/p>\n\n\n\n<p>Nordson sistemler daha verimli ve \u00e7evre dostu toplanma prosesine yard\u0131mc\u0131 olur. Solvent bazl\u0131, \u00e7ift kompenantl\u0131 reaktif tutkallar yerine s\u0131cak tutkal kullan\u0131m\u0131 VOC yayma konular\u0131na hitap eder. Y\u00fcksek kontr\u00f6ll\u00fc tutkal prosesi \u00fcr\u00fcn kalitesini artt\u0131r\u0131r ve tutkal k\u00fcrleme f\u0131r\u0131nlar\u0131na ihtiyac\u0131 elimine ederek maliyeti azalt\u0131r. <\/p>\n\n\n\n<p>Nordson sistemlerin kullan\u0131lmas\u0131 ile \u00fcr\u00fcn kalitesi , verimlilik artar, ve mazleme ve at\u0131k miktar\u0131 azal\u0131r. Prometer VDK da\u011f\u0131t\u0131m mod\u00fcl\u00fc ile BM 200 eritici varil; tutkal, b\u00fctil veya dolgu malzemesi uygulamalar\u0131nda\u00a0 do\u011fru miktar\u0131n do\u011fru noktaya iletilmesini sa\u011flar. <\/p>\n\n\n\n<p>Bu sistem, daha h\u0131zl\u0131 k\u00fcrle\u015fme ve d\u00fc\u015f\u00fck a\u011f\u0131rl\u0131k i\u00e7in kapal\u0131 h\u00fccre k\u00f6p\u00fck elde etmek ad\u0131na FoamMix sistem ile birlikte kullan\u0131labilir.<\/p>\n","protected":false},"excerpt":{"rendered":"<p>Nordson s\u0131cak tutkal sistemleri, whether stripping uygulamalar\u0131nda imalat maliyetlerini d\u00fc\u015f\u00fcr\u00fcr ve \u00fcr\u00fcn kalitesini artt\u0131r\u0131r. Bi\u00e7imlenebilen Dolgu\u00a0 i\u00e7i bo\u015f t\u00fcp veya k\u00f6p\u00fck kablo yerine s\u0131cak tutkal kullan\u0131m\u0131 bulbun daha verimli ve tutarl\u0131 doldurulmas\u0131n\u0131 sa\u011flar. Geleneksel aparatlar tak\u0131larak yap\u0131lan zaman kayb\u0131na sebep olan manuel i\u015flemler yerine Nordson sistemleri kullan\u0131l\u0131r. Otomatize tutkal enjeksiyonu &hellip;<\/p>\n","protected":false},"author":2,"featured_media":0,"parent":187,"menu_order":10,"comment_status":"closed","ping_status":"closed","template":"","meta":{"footnotes":""},"class_list":["post-296","page","type-page","status-publish","hentry"],"_links":{"self":[{"href":"https:\/\/www.aatmakina.com\/index.php?rest_route=\/wp\/v2\/pages\/296","targetHints":{"allow":["GET"]}}],"collection":[{"href":"https:\/\/www.aatmakina.com\/index.php?rest_route=\/wp\/v2\/pages"}],"about":[{"href":"https:\/\/www.aatmakina.com\/index.php?rest_route=\/wp\/v2\/types\/page"}],"author":[{"embeddable":true,"href":"https:\/\/www.aatmakina.com\/index.php?rest_route=\/wp\/v2\/users\/2"}],"replies":[{"embeddable":true,"href":"https:\/\/www.aatmakina.com\/index.php?rest_route=%2Fwp%2Fv2%2Fcomments&post=296"}],"version-history":[{"count":1,"href":"https:\/\/www.aatmakina.com\/index.php?rest_route=\/wp\/v2\/pages\/296\/revisions"}],"predecessor-version":[{"id":321,"href":"https:\/\/www.aatmakina.com\/index.php?rest_route=\/wp\/v2\/pages\/296\/revisions\/321"}],"up":[{"embeddable":true,"href":"https:\/\/www.aatmakina.com\/index.php?rest_route=\/wp\/v2\/pages\/187"}],"wp:attachment":[{"href":"https:\/\/www.aatmakina.com\/index.php?rest_route=%2Fwp%2Fv2%2Fmedia&parent=296"}],"curies":[{"name":"wp","href":"https:\/\/api.w.org\/{rel}","templated":true}]}}