{"id":342,"date":"2020-12-14T23:12:50","date_gmt":"2020-12-14T23:12:50","guid":{"rendered":"http:\/\/www.aatmakina.com\/urunler\/otomatik-sicak-tutkal-uygulama-tabancalari\/pnomatik-nokta-cizgi-uygulama-tabancalari\/solidblue-sicak-tutkallama-tabancalari\/"},"modified":"2021-02-28T14:21:38","modified_gmt":"2021-02-28T11:21:38","slug":"solidblue-sicak-tutkallama-tabancalari","status":"publish","type":"page","link":"https:\/\/www.aatmakina.com\/?page_id=342","title":{"rendered":"SOLIDBLUE\u2122 S\u0131cak Tutkallama Tabancalar\u0131"},"content":{"rendered":"\n<div class=\"wp-block-image\"><figure class=\"alignright size-large is-resized\"><img loading=\"lazy\" decoding=\"async\" src=\"https:\/\/www.aatmakina.com\/wp-content\/uploads\/2021\/02\/solidgun.png\" alt=\"\" class=\"wp-image-731\" width=\"333\" height=\"346\" srcset=\"https:\/\/www.aatmakina.com\/wp-content\/uploads\/2021\/02\/solidgun.png 576w, https:\/\/www.aatmakina.com\/wp-content\/uploads\/2021\/02\/solidgun-289x300.png 289w, https:\/\/www.aatmakina.com\/wp-content\/uploads\/2021\/02\/solidgun-193x200.png 193w\" sizes=\"auto, (max-width: 333px) 100vw, 333px\" \/><\/figure><\/div>\n\n\n\n<p>SolidBlue\u2122 tabancalar, Nordson H400 ve H440 serisi tabancalar\u0131n do\u011frudan yerine ge\u00e7er. SolidBlue\u2122 tabancalar ve mod\u00fcller, di\u011fer tabancalar\u0131n iki kat\u0131na kadar hizmet \u00f6mr\u00fc sa\u011flar ve mod\u00fcl de\u011fi\u015ftirme maliyetlerini azalt\u0131r, mod\u00fcl montaj\u0131 kolayd\u0131r.<\/p>\n\n\n\n<p><strong>SolidBlue\u2122 s\u0131cak tutkallama tabancalar\u0131 iki \u00e7e\u015fittir:<\/strong><\/p>\n\n\n\n<ul class=\"wp-block-list\"><li>SolidBlue S tabanca: \u201cBall and seat\u201d tekni\u011fi ile \u201chava ile a\u00e7ma\/yay ile kapatma\u201d (AO\/SC).<\/li><li>SolidBlue A tabanca: \u201cBall and seat\u201d tekni\u011fi ile \u201chava ile a\u00e7ma\/hava ile kapatma\u201d (AO\/AC).<\/li><\/ul>\n\n\n\n<p><strong>SolidBlue tabancalarla \u015funlar\u0131 yapabilirsiniz:<\/strong><\/p>\n\n\n\n<ul class=\"wp-block-list\"><li>Renk kodlu, s\u0131cakl\u0131k korumal\u0131 renkli mod\u00fcl kapaklar\u0131 ile \u00e7al\u0131\u015ft\u0131rma \u00f6zelliklerini (AO\/SC veya AO\/AC) tan\u0131mlay\u0131n.<\/li><li>Kolay mod\u00fcl montaj\u0131 ile kurulum kolayl\u0131\u011f\u0131n\u0131 ve g\u00fcvenli\u011fi art\u0131r\u0131n, duru\u015f s\u00fcresini azalt\u0131n.<\/li><li>Tabanca mod\u00fcl\u00fcn\u00fcn \u00f6n\u00fcndeki g\u00f6zlem deli\u011fi \u00fczerinden mod\u00fcl\u00fcn ve s\u0131zd\u0131rmazl\u0131k performans\u0131n\u0131 izleyin.<\/li><li>Myritex \u2122 contalar\u0131 ile mod\u00fcl \u00f6mr\u00fcn\u00fc uzat\u0131n.<\/li><\/ul>\n\n\n\n<p><strong>D\u00f6k\u00fcmanlar<\/strong><\/p>\n\n\n\n<ul class=\"wp-block-list\"><li>\u00a0<a rel=\"noreferrer noopener\" href=\"https:\/\/www.aatmakina.com\/wp-content\/uploads\/2021\/02\/SolidBlue-Guns.pdf\" target=\"_blank\">SolidBlue Hot Melt Dispensing Guns Product Literature<\/a><\/li><li>\u00a0<a rel=\"noreferrer noopener\" href=\"https:\/\/www.aatmakina.com\/wp-content\/uploads\/2021\/02\/BestChoice-Hot-Melt-Disp-Apps_WhyNordson_HR.pdf\" target=\"_blank\">&#8220;Why Choose Nordson?&#8221; Brochure<\/a><\/li><\/ul>\n\n\n\n<p><strong>Videolar<\/strong><\/p>\n\n\n\n<ul class=\"wp-block-list\"><li><a rel=\"noreferrer noopener\" href=\"https:\/\/www.youtube.com\/watch?v=ozxQgIu3n10\" target=\"_blank\">SolidBlue Guns Wraparound Cartoning<\/a><\/li><\/ul>\n","protected":false},"excerpt":{"rendered":"<p>SolidBlue\u2122 tabancalar, Nordson H400 ve H440 serisi tabancalar\u0131n do\u011frudan yerine ge\u00e7er. SolidBlue\u2122 tabancalar ve mod\u00fcller, di\u011fer tabancalar\u0131n iki kat\u0131na kadar hizmet \u00f6mr\u00fc sa\u011flar ve mod\u00fcl de\u011fi\u015ftirme maliyetlerini azalt\u0131r, mod\u00fcl montaj\u0131 kolayd\u0131r. SolidBlue\u2122 s\u0131cak tutkallama tabancalar\u0131 iki \u00e7e\u015fittir: SolidBlue S tabanca: \u201cBall and seat\u201d tekni\u011fi ile \u201chava ile a\u00e7ma\/yay ile kapatma\u201d &hellip;<\/p>\n","protected":false},"author":2,"featured_media":0,"parent":334,"menu_order":0,"comment_status":"closed","ping_status":"closed","template":"","meta":{"footnotes":""},"class_list":["post-342","page","type-page","status-publish","hentry"],"_links":{"self":[{"href":"https:\/\/www.aatmakina.com\/index.php?rest_route=\/wp\/v2\/pages\/342","targetHints":{"allow":["GET"]}}],"collection":[{"href":"https:\/\/www.aatmakina.com\/index.php?rest_route=\/wp\/v2\/pages"}],"about":[{"href":"https:\/\/www.aatmakina.com\/index.php?rest_route=\/wp\/v2\/types\/page"}],"author":[{"embeddable":true,"href":"https:\/\/www.aatmakina.com\/index.php?rest_route=\/wp\/v2\/users\/2"}],"replies":[{"embeddable":true,"href":"https:\/\/www.aatmakina.com\/index.php?rest_route=%2Fwp%2Fv2%2Fcomments&post=342"}],"version-history":[{"count":5,"href":"https:\/\/www.aatmakina.com\/index.php?rest_route=\/wp\/v2\/pages\/342\/revisions"}],"predecessor-version":[{"id":746,"href":"https:\/\/www.aatmakina.com\/index.php?rest_route=\/wp\/v2\/pages\/342\/revisions\/746"}],"up":[{"embeddable":true,"href":"https:\/\/www.aatmakina.com\/index.php?rest_route=\/wp\/v2\/pages\/334"}],"wp:attachment":[{"href":"https:\/\/www.aatmakina.com\/index.php?rest_route=%2Fwp%2Fv2%2Fmedia&parent=342"}],"curies":[{"name":"wp","href":"https:\/\/api.w.org\/{rel}","templated":true}]}}