{"id":83,"date":"2020-10-29T01:10:07","date_gmt":"2020-10-29T01:02:03","guid":{"rendered":"http:\/\/www.aatmakina.com\/urunler\/versapail-varil-tutkal-eritme-sistemi\/"},"modified":"2021-03-02T15:04:41","modified_gmt":"2021-03-02T12:04:41","slug":"versapail-varil-tutkal-eritme-sistemi","status":"publish","type":"page","link":"https:\/\/www.aatmakina.com\/?page_id=83","title":{"rendered":"VersaPail\u2122 Bulk Tutkal Eriticiler"},"content":{"rendered":"\n<div class=\"wp-block-image\"><figure class=\"alignright size-large is-resized\"><img loading=\"lazy\" decoding=\"async\" src=\"https:\/\/www.aatmakina.com\/wp-content\/uploads\/2021\/02\/VPAiL20.png\" alt=\"\" class=\"wp-image-635\" width=\"345\" height=\"460\" srcset=\"https:\/\/www.aatmakina.com\/wp-content\/uploads\/2021\/02\/VPAiL20.png 433w, https:\/\/www.aatmakina.com\/wp-content\/uploads\/2021\/02\/VPAiL20-225x300.png 225w, https:\/\/www.aatmakina.com\/wp-content\/uploads\/2021\/02\/VPAiL20-150x200.png 150w\" sizes=\"auto, (max-width: 345px) 100vw, 345px\" \/><\/figure><\/div>\n\n\n\n<p>VersaPail&nbsp; tutkal eritici cihazlar, s\u0131zd\u0131rmazl\u0131k ama\u00e7l\u0131 contalama, butil mastik uygulamalar\u0131nda hassas uygulama sa\u011flar. 20 litrelik (5 gal.) kovalar i\u00e7in tasarlanan mod\u00fcler, yap\u0131\u015fmaz \u0131s\u0131t\u0131c\u0131l\u0131 kafalar, termal stresi azalt\u0131r ve tutkal\u0131n yap\u0131\u015fma \u00f6zelliklerini korur, tutkal sadece kafan\u0131n \u00fcst y\u00fczeyine temasla eritilir. Hidrolik ge\u00e7i\u015flerin \u00f6l\u00fc alanlar\u0131 ortadan kald\u0131r\u0131lmas\u0131 VersaDrum eriticileri reaktif &#8220;PUR\u201d yap\u0131\u015ft\u0131r\u0131c\u0131lar i\u00e7in \u00e7ok uygun hale getirir.<\/p>\n\n\n\n<ul class=\"wp-block-list\"><li>Reaktif&nbsp; (PUR) yap\u0131\u015ft\u0131r\u0131c\u0131lar i\u00e7in p\u00fcr\u00fczs\u00fcz y\u00fczeyli &#8220;smooth\u201d kafalar ya da y\u00fcksek erime oranlar\u0131 i\u00e7in \u0131zgara \u201daxial\u201d&nbsp; kafalar se\u00e7ilebilir<\/li><li>\u00d6zel \u00fcretim gereksinimleri i\u00e7in de\u011fi\u015fken h\u0131z motorlar\u0131 ve \u00e7e\u015fitli pompa t\u00fcrleri ve boyutlar\u0131 kullan\u0131labilir.<\/li><li>Dokunmatik ekran aray\u00fcz\u00fc, kolay programlama sa\u011flar, operat\u00f6r\u00fcn her faaliyetini ve makine durumunu anl\u0131k g\u00f6r\u00fcnt\u00fcler.<\/li><li>Bas\u0131n\u00e7 kontrol valfleri, &#8220;blow-off\u201d valfler ve&nbsp; kova de\u011fi\u015fiklikleri i\u00e7in tasarlanan tek tarafl\u0131 eri\u015fim ile g\u00fcnl\u00fck i\u015fletme ve bak\u0131m basitle\u015ftirilmi\u015ftir.<\/li><\/ul>\n\n\n\n<p class=\"has-large-font-size\"><strong>Dok\u00fcmanlar<\/strong><\/p>\n\n\n\n<ul class=\"wp-block-list\"><li><a href=\"https:\/\/www.aatmakina.com\/wp-content\/uploads\/2021\/02\/VersaPail-Melters.pdf\" target=\"_blank\" rel=\"noreferrer noopener\">VersaPail-Melters<\/a><\/li><\/ul>\n\n\n\n<p><\/p>\n","protected":false},"excerpt":{"rendered":"<p>VersaPail&nbsp; tutkal eritici cihazlar, s\u0131zd\u0131rmazl\u0131k ama\u00e7l\u0131 contalama, butil mastik uygulamalar\u0131nda hassas uygulama sa\u011flar. 20 litrelik (5 gal.) kovalar i\u00e7in tasarlanan mod\u00fcler, yap\u0131\u015fmaz \u0131s\u0131t\u0131c\u0131l\u0131 kafalar, termal stresi azalt\u0131r ve tutkal\u0131n yap\u0131\u015fma \u00f6zelliklerini korur, tutkal sadece kafan\u0131n \u00fcst y\u00fczeyine temasla eritilir. Hidrolik ge\u00e7i\u015flerin \u00f6l\u00fc alanlar\u0131 ortadan kald\u0131r\u0131lmas\u0131 VersaDrum eriticileri reaktif &#8220;PUR\u201d yap\u0131\u015ft\u0131r\u0131c\u0131lar &hellip;<\/p>\n","protected":false},"author":2,"featured_media":0,"parent":70,"menu_order":12,"comment_status":"closed","ping_status":"closed","template":"","meta":{"footnotes":""},"class_list":["post-83","page","type-page","status-publish","hentry"],"_links":{"self":[{"href":"https:\/\/www.aatmakina.com\/index.php?rest_route=\/wp\/v2\/pages\/83","targetHints":{"allow":["GET"]}}],"collection":[{"href":"https:\/\/www.aatmakina.com\/index.php?rest_route=\/wp\/v2\/pages"}],"about":[{"href":"https:\/\/www.aatmakina.com\/index.php?rest_route=\/wp\/v2\/types\/page"}],"author":[{"embeddable":true,"href":"https:\/\/www.aatmakina.com\/index.php?rest_route=\/wp\/v2\/users\/2"}],"replies":[{"embeddable":true,"href":"https:\/\/www.aatmakina.com\/index.php?rest_route=%2Fwp%2Fv2%2Fcomments&post=83"}],"version-history":[{"count":5,"href":"https:\/\/www.aatmakina.com\/index.php?rest_route=\/wp\/v2\/pages\/83\/revisions"}],"predecessor-version":[{"id":782,"href":"https:\/\/www.aatmakina.com\/index.php?rest_route=\/wp\/v2\/pages\/83\/revisions\/782"}],"up":[{"embeddable":true,"href":"https:\/\/www.aatmakina.com\/index.php?rest_route=\/wp\/v2\/pages\/70"}],"wp:attachment":[{"href":"https:\/\/www.aatmakina.com\/index.php?rest_route=%2Fwp%2Fv2%2Fmedia&parent=83"}],"curies":[{"name":"wp","href":"https:\/\/api.w.org\/{rel}","templated":true}]}}