{"id":85,"date":"2020-10-29T01:02:03","date_gmt":"2020-10-29T01:02:03","guid":{"rendered":"http:\/\/www.aatmakina.com\/urunler\/foammelt-kopurtulmus-tutkal-uygulama-sistemi\/"},"modified":"2021-03-02T15:07:36","modified_gmt":"2021-03-02T12:07:36","slug":"foammelt-kopurtulmus-tutkal-uygulama-sistemi","status":"publish","type":"page","link":"https:\/\/www.aatmakina.com\/?page_id=85","title":{"rendered":"FoamMelt\u00ae K\u00f6p\u00fcrt\u00fclm\u00fc\u015f Tutkal Uygulama Sistemi"},"content":{"rendered":"\n<div class=\"wp-block-image is-style-default\"><figure class=\"alignright size-large is-resized\"><img loading=\"lazy\" decoding=\"async\" src=\"https:\/\/www.aatmakina.com\/wp-content\/uploads\/2021\/02\/FM200.png\" alt=\"\" class=\"wp-image-653\" width=\"449\" height=\"332\" srcset=\"https:\/\/www.aatmakina.com\/wp-content\/uploads\/2021\/02\/FM200.png 581w, https:\/\/www.aatmakina.com\/wp-content\/uploads\/2021\/02\/FM200-300x222.png 300w, https:\/\/www.aatmakina.com\/wp-content\/uploads\/2021\/02\/FM200-270x200.png 270w\" sizes=\"auto, (max-width: 449px) 100vw, 449px\" \/><\/figure><\/div>\n\n\n\n<p>Patentli FoamMelt tutkal eritici ve k\u00f6p\u00fcrt\u00fcc\u00fc sistemleri, pahal\u0131 &#8220;die-cut\u201d ve k\u00f6p\u00fck bant contalar yerine, \u00f6zellikle s\u0131zd\u0131rmazl\u0131k uygulamalar\u0131 i\u00e7in geli\u015ftirilmi\u015ftir.<\/p>\n\n\n\n<ul class=\"wp-block-list\"><li>Tutkal\u0131n a\u00e7\u0131k zaman ve hacmini artt\u0131rarak ~%65 malzeme kullan\u0131m\u0131n\u0131 ve dolay\u0131s\u0131 ile maliyeti azalt\u0131r.<\/li><li>Hassas otomatik kontrol sistemleri sayesinde \u00fcst d\u00fczey verimlilik sa\u011flar.<\/li><li>Solvent i\u00e7ermeyen form\u00fcller ile VOC emisyonlar\u0131n\u0131 en aza indirir.<\/li><li>Geli\u015fmi\u015f \u0131s\u0131 kontrol\u00fc ile sa\u011flanan, tutarl\u0131 yap\u0131\u015ft\u0131r\u0131c\u0131 vizkositesi \u00fcr\u00fcn kalitesinin iyile\u015ftirilmesine yard\u0131mc\u0131 olur.<\/li><\/ul>\n\n\n\n<p class=\"has-large-font-size\"><strong>Dok\u00fcmanlar<\/strong><\/p>\n\n\n\n<ul class=\"wp-block-list\"><li><a href=\"https:\/\/azcscxpprodcdn.azureedge.net\/-\/media\/Files\/Nordson\/adhesive-dispensing-systems\/Products\/Foam-Systems\/FoamMelt-200\/FoamMelt-200.pdf?la=en&amp;rev=44a9576e545f48d393bc5eb80463f86c\" target=\"_blank\" rel=\"noreferrer noopener\">FoamMelt 200 Adhesive Applicator <\/a><\/li><li><a href=\"https:\/\/www.aatmakina.com\/wp-content\/uploads\/2021\/02\/Intro-to-Foam-Technology.pdf\" target=\"_blank\" rel=\"noreferrer noopener\">Introduction to Nordson Foaming Technology<\/a><\/li><li><a href=\"https:\/\/www.aatmakina.com\/wp-content\/uploads\/2021\/02\/The-Nordson-FoamMelt-Process.pdf\" target=\"_blank\" rel=\"noreferrer noopener\">Nordson FoamMelt Process Product Literature<\/a><\/li><\/ul>\n\n\n\n<p class=\"has-large-font-size\"><strong>Medya<\/strong><\/p>\n\n\n\n<ul class=\"wp-block-list\"><li><a rel=\"noreferrer noopener\" href=\"http:\/\/youtu.be\/Ab4RDL_AiXo?list=UUtC5FNdrrJZArWVP2hLfn1A\" target=\"_blank\">Nordson Adhesive Foam Dispensing Systems Technology<\/a><\/li><\/ul>\n\n\n\n<p><\/p>\n","protected":false},"excerpt":{"rendered":"<p>Patentli FoamMelt tutkal eritici ve k\u00f6p\u00fcrt\u00fcc\u00fc sistemleri, pahal\u0131 &#8220;die-cut\u201d ve k\u00f6p\u00fck bant contalar yerine, \u00f6zellikle s\u0131zd\u0131rmazl\u0131k uygulamalar\u0131 i\u00e7in geli\u015ftirilmi\u015ftir. Tutkal\u0131n a\u00e7\u0131k zaman ve hacmini artt\u0131rarak ~%65 malzeme kullan\u0131m\u0131n\u0131 ve dolay\u0131s\u0131 ile maliyeti azalt\u0131r. Hassas otomatik kontrol sistemleri sayesinde \u00fcst d\u00fczey verimlilik sa\u011flar. Solvent i\u00e7ermeyen form\u00fcller ile VOC emisyonlar\u0131n\u0131 en aza &hellip;<\/p>\n","protected":false},"author":2,"featured_media":0,"parent":70,"menu_order":15,"comment_status":"closed","ping_status":"closed","template":"","meta":{"footnotes":""},"class_list":["post-85","page","type-page","status-publish","hentry"],"_links":{"self":[{"href":"https:\/\/www.aatmakina.com\/index.php?rest_route=\/wp\/v2\/pages\/85","targetHints":{"allow":["GET"]}}],"collection":[{"href":"https:\/\/www.aatmakina.com\/index.php?rest_route=\/wp\/v2\/pages"}],"about":[{"href":"https:\/\/www.aatmakina.com\/index.php?rest_route=\/wp\/v2\/types\/page"}],"author":[{"embeddable":true,"href":"https:\/\/www.aatmakina.com\/index.php?rest_route=\/wp\/v2\/users\/2"}],"replies":[{"embeddable":true,"href":"https:\/\/www.aatmakina.com\/index.php?rest_route=%2Fwp%2Fv2%2Fcomments&post=85"}],"version-history":[{"count":3,"href":"https:\/\/www.aatmakina.com\/index.php?rest_route=\/wp\/v2\/pages\/85\/revisions"}],"predecessor-version":[{"id":785,"href":"https:\/\/www.aatmakina.com\/index.php?rest_route=\/wp\/v2\/pages\/85\/revisions\/785"}],"up":[{"embeddable":true,"href":"https:\/\/www.aatmakina.com\/index.php?rest_route=\/wp\/v2\/pages\/70"}],"wp:attachment":[{"href":"https:\/\/www.aatmakina.com\/index.php?rest_route=%2Fwp%2Fv2%2Fmedia&parent=85"}],"curies":[{"name":"wp","href":"https:\/\/api.w.org\/{rel}","templated":true}]}}