{"id":89,"date":"2020-10-29T01:07:00","date_gmt":"2020-10-29T01:07:00","guid":{"rendered":"http:\/\/www.aatmakina.com\/urunler\/otomatik-sicak-tutkal-uygulama-tabancalari\/"},"modified":"2020-12-14T23:28:13","modified_gmt":"2020-12-14T23:28:13","slug":"otomatik-sicak-tutkal-uygulama-tabancalari","status":"publish","type":"page","link":"https:\/\/www.aatmakina.com\/?page_id=89","title":{"rendered":"Otomatik S\u0131cak Tutkal Uygulama Tabancalar\u0131"},"content":{"rendered":"\n<!-- Page-list plugin v.5.7 wordpress.org\/plugins\/page-list\/ -->\n<ul class=\"page-list subpages-page-list \">\n<li class=\"page_item page-item-334 page_item_has_children\"><a href=\"https:\/\/www.aatmakina.com\/?page_id=334\">Pn\u00f6matik Nokta-\u00c7izgi Uygulama Tabancalar\u0131<\/a>\n<ul class='children'>\n\t<li class=\"page_item page-item-342\"><a href=\"https:\/\/www.aatmakina.com\/?page_id=342\">SOLIDBLUE\u2122 S\u0131cak Tutkallama Tabancalar\u0131<\/a><\/li>\n\t<li class=\"page_item page-item-343\"><a href=\"https:\/\/www.aatmakina.com\/?page_id=343\">SUREBEAD\u00ae S\u0131cak Tutkallama Tabancalar\u0131<\/a><\/li>\n\t<li class=\"page_item page-item-344\"><a href=\"https:\/\/www.aatmakina.com\/?page_id=344\">MiniBlue\u00aeII Uzun \u00d6m\u00fcrl\u00fc S\u0131cak Tutkallama Tabancalar\u0131<\/a><\/li>\n\t<li class=\"page_item page-item-345\"><a href=\"https:\/\/www.aatmakina.com\/?page_id=345\">H20 S\u0131cak Tutkallama Tabancalar\u0131<\/a><\/li>\n\t<li class=\"page_item page-item-346\"><a href=\"https:\/\/www.aatmakina.com\/?page_id=346\">PatternPro\u2122 Variable Pitch S\u0131cak Tutkallama Tabancalar\u0131<\/a><\/li>\n<\/ul>\n<\/li>\n<li class=\"page_item page-item-335 page_item_has_children\"><a href=\"https:\/\/www.aatmakina.com\/?page_id=335\">Pn\u00f6matik Sprey Uygulama Cihazlar\u0131<\/a>\n<ul class='children'>\n\t<li class=\"page_item page-item-369\"><a href=\"https:\/\/www.aatmakina.com\/?page_id=369\">ALTASPRAY\u2122 SICAK TUTKALLAMA TABANCALARI<\/a><\/li>\n\t<li class=\"page_item page-item-370\"><a href=\"https:\/\/www.aatmakina.com\/?page_id=370\">CONTROL COAT SICAK TUTKALLAMA TABANCALARI<\/a><\/li>\n\t<li class=\"page_item page-item-371\"><a href=\"https:\/\/www.aatmakina.com\/?page_id=371\">UNIVERSAL\u2122 SICAK TUTKALLAMA TABANCALARI<\/a><\/li>\n\t<li class=\"page_item page-item-372\"><a href=\"https:\/\/www.aatmakina.com\/?page_id=372\">UNIVERSAL\u2122 SPEEDCOAT\u00ae SICAK TUTKALLAMA TABANCALARI<\/a><\/li>\n\t<li class=\"page_item page-item-373\"><a href=\"https:\/\/www.aatmakina.com\/?page_id=373\">PATTERNJET\u2122 SICAK TUTKALLAMA TABANCALARI<\/a><\/li>\n\t<li class=\"page_item page-item-374\"><a href=\"https:\/\/www.aatmakina.com\/?page_id=374\">PATTERNJET\u2122 PLUS SICAK TUTKALLAMA TABANCALARI<\/a><\/li>\n\t<li class=\"page_item page-item-375\"><a href=\"https:\/\/www.aatmakina.com\/?page_id=375\">GEN\u0130\u015e Y\u00dcZEY SPREY LAM\u0130NASYON KAFALARI<\/a><\/li>\n<\/ul>\n<\/li>\n<li class=\"page_item page-item-336 page_item_has_children\"><a href=\"https:\/\/www.aatmakina.com\/?page_id=336\">Elektrikli S\u0131cak Tutkal Uygulama Tabancalar\u0131<\/a>\n<ul class='children'>\n\t<li class=\"page_item page-item-391\"><a href=\"https:\/\/www.aatmakina.com\/?page_id=391\">e.dot+\u2122 Elektrik S\u0131cak Tutkal Uygulama Tabancalar\u0131<\/a><\/li>\n\t<li class=\"page_item page-item-392\"><a href=\"https:\/\/www.aatmakina.com\/?page_id=392\">EM-100 Elektrik S\u0131cak Tutkal Uygulama Tabancalar\u0131<\/a><\/li>\n\t<li class=\"page_item page-item-393\"><a href=\"https:\/\/www.aatmakina.com\/?page_id=393\">SURESEAL\u2122 Temass\u0131z S\u0131cak Tutkal Uygulama Tabancalar\u0131<\/a><\/li>\n<\/ul>\n<\/li>\n<li class=\"page_item page-item-337 page_item_has_children\"><a href=\"https:\/\/www.aatmakina.com\/?page_id=337\">Slot Temasl\u0131 S\u00fcr\u00fcm S\u0131cak Tutkal Tabancalar\u0131<\/a>\n<ul class='children'>\n\t<li class=\"page_item page-item-400\"><a href=\"https:\/\/www.aatmakina.com\/?page_id=400\">BC 31 ve BC 35 SICAK TUTKALLAMA TABANCALARI<\/a><\/li>\n\t<li class=\"page_item page-item-401\"><a href=\"https:\/\/www.aatmakina.com\/?page_id=401\">BC 40 SICAK TUTKALLAMA TABANCALARI<\/a><\/li>\n\t<li class=\"page_item page-item-402\"><a href=\"https:\/\/www.aatmakina.com\/?page_id=402\">BC 60 SICAK TUTKALLAMA TABANCALARI<\/a><\/li>\n\t<li class=\"page_item page-item-403\"><a href=\"https:\/\/www.aatmakina.com\/?page_id=403\">BC 62 Porous Coat\u00ae SICAK TUTKALLAMA TABANCALARI<\/a><\/li>\n\t<li class=\"page_item page-item-404\"><a href=\"https:\/\/www.aatmakina.com\/?page_id=404\">BC 70 SICAK TUTKALLAMA TABANCALARI<\/a><\/li>\n\t<li class=\"page_item page-item-405\"><a href=\"https:\/\/www.aatmakina.com\/?page_id=405\">EB 60V KENAR BANDI SLOT SICAK TUTKALLAMA TABANCALARI<\/a><\/li>\n\t<li class=\"page_item page-item-406\"><a href=\"https:\/\/www.aatmakina.com\/?page_id=406\">EP 11 SLOT SICAK TUTKALLAMA TABANCALARI<\/a><\/li>\n\t<li class=\"page_item page-item-407\"><a href=\"https:\/\/www.aatmakina.com\/?page_id=407\">EP 48V Bookbinding SICAK TUTKALLAMA TABANCALARI<\/a><\/li>\n\t<li class=\"page_item page-item-408\"><a href=\"https:\/\/www.aatmakina.com\/?page_id=408\">PF 60 V Post Forming SLOT SICAK TUTKALLAMA TABANCALARI<\/a><\/li>\n<\/ul>\n<\/li>\n\n<\/ul>\n","protected":false},"excerpt":{"rendered":"","protected":false},"author":2,"featured_media":0,"parent":30,"menu_order":3,"comment_status":"closed","ping_status":"closed","template":"","meta":{"footnotes":""},"class_list":["post-89","page","type-page","status-publish","hentry"],"_links":{"self":[{"href":"https:\/\/www.aatmakina.com\/index.php?rest_route=\/wp\/v2\/pages\/89","targetHints":{"allow":["GET"]}}],"collection":[{"href":"https:\/\/www.aatmakina.com\/index.php?rest_route=\/wp\/v2\/pages"}],"about":[{"href":"https:\/\/www.aatmakina.com\/index.php?rest_route=\/wp\/v2\/types\/page"}],"author":[{"embeddable":true,"href":"https:\/\/www.aatmakina.com\/index.php?rest_route=\/wp\/v2\/users\/2"}],"replies":[{"embeddable":true,"href":"https:\/\/www.aatmakina.com\/index.php?rest_route=%2Fwp%2Fv2%2Fcomments&post=89"}],"version-history":[{"count":1,"href":"https:\/\/www.aatmakina.com\/index.php?rest_route=\/wp\/v2\/pages\/89\/revisions"}],"predecessor-version":[{"id":367,"href":"https:\/\/www.aatmakina.com\/index.php?rest_route=\/wp\/v2\/pages\/89\/revisions\/367"}],"up":[{"embeddable":true,"href":"https:\/\/www.aatmakina.com\/index.php?rest_route=\/wp\/v2\/pages\/30"}],"wp:attachment":[{"href":"https:\/\/www.aatmakina.com\/index.php?rest_route=%2Fwp%2Fv2%2Fmedia&parent=89"}],"curies":[{"name":"wp","href":"https:\/\/api.w.org\/{rel}","templated":true}]}}